{"id":307,"date":"2016-09-13T12:04:39","date_gmt":"2016-09-13T12:04:39","guid":{"rendered":"http:\/\/www.dataseed.fi\/demo\/rantalanlomamokit\/en\/?page_id=307"},"modified":"2016-09-26T10:51:22","modified_gmt":"2016-09-26T10:51:22","slug":"location","status":"publish","type":"page","link":"https:\/\/www.rantalanlomamokit.com\/en\/location\/","title":{"rendered":"Location"},"content":{"rendered":"<h2>How to find us<\/h2>\n<p>Your navigator will guide you: Rantalankuja 20, Hartola 19850<\/p>\n<h2>Hartola Vuorenkyl\u00e4<br \/>\nThe Village of the Year 2007 in P\u00e4ij\u00e4t-H\u00e4me<\/h2>\n<p>The municipality of <a href=\"http:\/\/hartola.fi\/malleja\/1a\/sivu2.asp?valikko=1\">Hartola Kingdom<\/a> is along highway E4 in southern Finland, about 200 km north from the capital Helsinki. Rantala cottages are situated in the beautiful small village called Vuorenkyl\u00e4. <a href=\"http:\/\/www.vuorenkyla.fi\/\">Vuorenkyl\u00e4<\/a> is very active village and has been awarded in the Village of the Year competition.<\/p>\n<h2>Finland info<\/h2>\n<p><a href=\"http:\/\/www.visitfinland.com\/\">Read more about Finland<\/a><\/p>\n<p><iframe style=\"border: 0;\" src=\"https:\/\/www.google.com\/maps\/embed?pb=!1m14!1m8!1m3!1d1935596.49713867!2d24.22279331679125!3d61.72111706863227!3m2!1i1024!2i768!4f13.1!3m3!1m2!1s0x468ff3adb2fbfba5%3A0x854f6c06a1a6d5d3!2sRantalan+lomam%C3%B6kit!5e0!3m2!1sfi!2sfi!4v1472973246588\" width=\"100%\" height=\"500\" frameborder=\"0\" allowfullscreen=\"allowfullscreen\" data-mce-fragment=\"1\"><\/iframe><\/p>\n<p>&nbsp;<\/p>\n","protected":false},"excerpt":{"rendered":"<p>How to find us Your navigator will guide you: Rantalankuja 20, Hartola 19850 Hartola Vuorenkyl\u00e4 The Village of the Year 2007 in P\u00e4ij\u00e4t-H\u00e4me The municipality of Hartola Kingdom is along highway E4 in southern Finland, about 200 km north from the capital Helsinki. Rantala cottages are situated in the beautiful small village called Vuorenkyl\u00e4. Vuorenkyl\u00e4\u2026 <a href=\"https:\/\/www.rantalanlomamokit.com\/en\/location\/\">Lue lis\u00e4\u00e4 &raquo;<\/a><\/p>\n","protected":false},"author":1,"featured_media":0,"parent":0,"menu_order":0,"comment_status":"closed","ping_status":"closed","template":"","meta":{"_acf_changed":false,"footnotes":""},"class_list":["post-307","page","type-page","status-publish","hentry"],"acf":[],"yoast_head":"<!-- This site is optimized with the Yoast SEO plugin v27.4 - https:\/\/yoast.com\/product\/yoast-seo-wordpress\/ -->\n<title>Location - Rantalan Lomam\u00f6kit<\/title>\n<meta name=\"robots\" content=\"index, follow, max-snippet:-1, max-image-preview:large, max-video-preview:-1\" \/>\n<link rel=\"canonical\" href=\"https:\/\/www.dataseed.fi\/demo\/rantalanlomamokit\/en\/location\/\" \/>\n<meta property=\"og:locale\" content=\"en_US\" \/>\n<meta property=\"og:type\" content=\"article\" \/>\n<meta property=\"og:title\" content=\"Location - Rantalan Lomam\u00f6kit\" \/>\n<meta property=\"og:description\" content=\"How to find us Your navigator will guide you: Rantalankuja 20, Hartola 19850 Hartola Vuorenkyl\u00e4 The Village of the Year 2007 in P\u00e4ij\u00e4t-H\u00e4me The municipality of Hartola Kingdom is along highway E4 in southern Finland, about 200 km north from the capital Helsinki. Rantala cottages are situated in the beautiful small village called Vuorenkyl\u00e4. Vuorenkyl\u00e4\u2026 Lue lis\u00e4\u00e4 &raquo;\" \/>\n<meta property=\"og:url\" content=\"https:\/\/www.dataseed.fi\/demo\/rantalanlomamokit\/en\/location\/\" \/>\n<meta property=\"og:site_name\" content=\"Rantalan Lomam\u00f6kit\" \/>\n<meta property=\"article:modified_time\" content=\"2016-09-26T10:51:22+00:00\" \/>\n<meta name=\"twitter:card\" content=\"summary_large_image\" \/>\n<script type=\"application\/ld+json\" class=\"yoast-schema-graph\">{\"@context\":\"https:\\\/\\\/schema.org\",\"@graph\":[{\"@type\":\"WebPage\",\"@id\":\"https:\\\/\\\/www.dataseed.fi\\\/demo\\\/rantalanlomamokit\\\/en\\\/location\\\/\",\"url\":\"https:\\\/\\\/www.dataseed.fi\\\/demo\\\/rantalanlomamokit\\\/en\\\/location\\\/\",\"name\":\"Location - Rantalan Lomam\u00f6kit\",\"isPartOf\":{\"@id\":\"https:\\\/\\\/www.rantalanlomamokit.com\\\/#website\"},\"datePublished\":\"2016-09-13T12:04:39+00:00\",\"dateModified\":\"2016-09-26T10:51:22+00:00\",\"breadcrumb\":{\"@id\":\"https:\\\/\\\/www.dataseed.fi\\\/demo\\\/rantalanlomamokit\\\/en\\\/location\\\/#breadcrumb\"},\"inLanguage\":\"en-US\",\"potentialAction\":[{\"@type\":\"ReadAction\",\"target\":[\"https:\\\/\\\/www.dataseed.fi\\\/demo\\\/rantalanlomamokit\\\/en\\\/location\\\/\"]}]},{\"@type\":\"BreadcrumbList\",\"@id\":\"https:\\\/\\\/www.dataseed.fi\\\/demo\\\/rantalanlomamokit\\\/en\\\/location\\\/#breadcrumb\",\"itemListElement\":[{\"@type\":\"ListItem\",\"position\":1,\"name\":\"Home\",\"item\":\"https:\\\/\\\/www.rantalanlomamokit.com\\\/en\\\/home\\\/\"},{\"@type\":\"ListItem\",\"position\":2,\"name\":\"Location\"}]},{\"@type\":\"WebSite\",\"@id\":\"https:\\\/\\\/www.rantalanlomamokit.com\\\/#website\",\"url\":\"https:\\\/\\\/www.rantalanlomamokit.com\\\/\",\"name\":\"Rantalan Lomam\u00f6kit\",\"description\":\"Rantalan Lomam\u00f6kit\",\"potentialAction\":[{\"@type\":\"SearchAction\",\"target\":{\"@type\":\"EntryPoint\",\"urlTemplate\":\"https:\\\/\\\/www.rantalanlomamokit.com\\\/?s={search_term_string}\"},\"query-input\":{\"@type\":\"PropertyValueSpecification\",\"valueRequired\":true,\"valueName\":\"search_term_string\"}}],\"inLanguage\":\"en-US\"}]}<\/script>\n<!-- \/ Yoast SEO plugin. -->","yoast_head_json":{"title":"Location - Rantalan Lomam\u00f6kit","robots":{"index":"index","follow":"follow","max-snippet":"max-snippet:-1","max-image-preview":"max-image-preview:large","max-video-preview":"max-video-preview:-1"},"canonical":"https:\/\/www.dataseed.fi\/demo\/rantalanlomamokit\/en\/location\/","og_locale":"en_US","og_type":"article","og_title":"Location - Rantalan Lomam\u00f6kit","og_description":"How to find us Your navigator will guide you: Rantalankuja 20, Hartola 19850 Hartola Vuorenkyl\u00e4 The Village of the Year 2007 in P\u00e4ij\u00e4t-H\u00e4me The municipality of Hartola Kingdom is along highway E4 in southern Finland, about 200 km north from the capital Helsinki. Rantala cottages are situated in the beautiful small village called Vuorenkyl\u00e4. Vuorenkyl\u00e4\u2026 Lue lis\u00e4\u00e4 &raquo;","og_url":"https:\/\/www.dataseed.fi\/demo\/rantalanlomamokit\/en\/location\/","og_site_name":"Rantalan Lomam\u00f6kit","article_modified_time":"2016-09-26T10:51:22+00:00","twitter_card":"summary_large_image","schema":{"@context":"https:\/\/schema.org","@graph":[{"@type":"WebPage","@id":"https:\/\/www.dataseed.fi\/demo\/rantalanlomamokit\/en\/location\/","url":"https:\/\/www.dataseed.fi\/demo\/rantalanlomamokit\/en\/location\/","name":"Location - Rantalan Lomam\u00f6kit","isPartOf":{"@id":"https:\/\/www.rantalanlomamokit.com\/#website"},"datePublished":"2016-09-13T12:04:39+00:00","dateModified":"2016-09-26T10:51:22+00:00","breadcrumb":{"@id":"https:\/\/www.dataseed.fi\/demo\/rantalanlomamokit\/en\/location\/#breadcrumb"},"inLanguage":"en-US","potentialAction":[{"@type":"ReadAction","target":["https:\/\/www.dataseed.fi\/demo\/rantalanlomamokit\/en\/location\/"]}]},{"@type":"BreadcrumbList","@id":"https:\/\/www.dataseed.fi\/demo\/rantalanlomamokit\/en\/location\/#breadcrumb","itemListElement":[{"@type":"ListItem","position":1,"name":"Home","item":"https:\/\/www.rantalanlomamokit.com\/en\/home\/"},{"@type":"ListItem","position":2,"name":"Location"}]},{"@type":"WebSite","@id":"https:\/\/www.rantalanlomamokit.com\/#website","url":"https:\/\/www.rantalanlomamokit.com\/","name":"Rantalan Lomam\u00f6kit","description":"Rantalan Lomam\u00f6kit","potentialAction":[{"@type":"SearchAction","target":{"@type":"EntryPoint","urlTemplate":"https:\/\/www.rantalanlomamokit.com\/?s={search_term_string}"},"query-input":{"@type":"PropertyValueSpecification","valueRequired":true,"valueName":"search_term_string"}}],"inLanguage":"en-US"}]}},"jetpack_sharing_enabled":true,"_links":{"self":[{"href":"https:\/\/www.rantalanlomamokit.com\/en\/wp-json\/wp\/v2\/pages\/307","targetHints":{"allow":["GET"]}}],"collection":[{"href":"https:\/\/www.rantalanlomamokit.com\/en\/wp-json\/wp\/v2\/pages"}],"about":[{"href":"https:\/\/www.rantalanlomamokit.com\/en\/wp-json\/wp\/v2\/types\/page"}],"author":[{"embeddable":true,"href":"https:\/\/www.rantalanlomamokit.com\/en\/wp-json\/wp\/v2\/users\/1"}],"replies":[{"embeddable":true,"href":"https:\/\/www.rantalanlomamokit.com\/en\/wp-json\/wp\/v2\/comments?post=307"}],"version-history":[{"count":0,"href":"https:\/\/www.rantalanlomamokit.com\/en\/wp-json\/wp\/v2\/pages\/307\/revisions"}],"wp:attachment":[{"href":"https:\/\/www.rantalanlomamokit.com\/en\/wp-json\/wp\/v2\/media?parent=307"}],"curies":[{"name":"wp","href":"https:\/\/api.w.org\/{rel}","templated":true}]}}