{"id":260,"date":"2016-09-13T10:07:27","date_gmt":"2016-09-13T10:07:27","guid":{"rendered":"http:\/\/www.dataseed.fi\/demo\/rantalanlomamokit\/?page_id=260&#038;lang=en"},"modified":"2025-03-25T12:58:19","modified_gmt":"2025-03-25T14:58:19","slug":"home","status":"publish","type":"page","link":"https:\/\/www.rantalanlomamokit.com\/en\/","title":{"rendered":"Home"},"content":{"rendered":"\t\t<div data-elementor-type=\"wp-page\" data-elementor-id=\"260\" class=\"elementor elementor-260 elementor-5\" data-elementor-post-type=\"page\">\n\t\t\t\t<div class=\"elementor-element elementor-element-361ae8f e-con-full e-flex e-con e-parent\" data-id=\"361ae8f\" data-element_type=\"container\" data-e-type=\"container\">\n\t\t\t\t<\/div>\n\t\t<div class=\"elementor-element elementor-element-1e612a81 e-flex e-con-boxed e-con e-parent\" data-id=\"1e612a81\" data-element_type=\"container\" data-e-type=\"container\" data-settings=\"{&quot;background_background&quot;:&quot;classic&quot;}\">\n\t\t\t\t\t<div class=\"e-con-inner\">\n\t\t\t\t<div class=\"elementor-element elementor-element-3615def elementor-widget elementor-widget-heading\" data-id=\"3615def\" data-element_type=\"widget\" data-e-type=\"widget\" data-widget_type=\"heading.default\">\n\t\t\t\t<div class=\"elementor-widget-container\">\n\t\t\t\t\t<h2 class=\"elementor-heading-title elementor-size-default\">VUOKRAA KOIRAYST\u00c4V\u00c4LLINEN M\u00d6KKI HARTOLASTA!<\/h2>\t\t\t\t<\/div>\n\t\t\t\t<\/div>\n\t\t\t\t<div class=\"elementor-element elementor-element-58ad7566 elementor-widget elementor-widget-text-editor\" data-id=\"58ad7566\" data-element_type=\"widget\" data-e-type=\"widget\" data-widget_type=\"text-editor.default\">\n\t\t\t\t<div class=\"elementor-widget-container\">\n\t\t\t\t\t\t\t\t\t<p>Rantalassa on k\u00e4ynyt m\u00f6kkivieraita jo yli 50 vuotta. T\u00e4ll\u00e4 hetkell\u00e4 vieraittemme ilona on 9 erilaista m\u00f6kki\u00e4, jotka kaikki ovat persoonallisia eik\u00e4 yht\u00e4\u00e4n samanlaista m\u00f6kki\u00e4 l\u00f6ydy. M\u00f6kkil\u00e4isten joukossa on niit\u00e4, jotka vuodesta toiseen tulevat lomailemaan samaan \u201domaan\u201d m\u00f6kkiin. Kun taas osa haluaa vaihteluksi kokeilla aina eri m\u00f6kki\u00e4. Tunnelmaltaan uudet huvilat ovat moderneja, osassa on vuosisatojen vanhaa historiaa ikivanhojen hirsien muodossa, toiset taas perinteisempi\u00e4 m\u00f6kkej\u00e4 kuitenkin mukavuuksilla varusteltuina. Er\u00e4henkisille on oma paratiisisaari, miss\u00e4 takuulla mieli ja keho lep\u00e4\u00e4v\u00e4t.<\/p>\n\t\t\t\t\t\t\t\t<\/div>\n\t\t\t\t<\/div>\n\t\t\t\t\t<\/div>\n\t\t\t\t<\/div>\n\t\t<div class=\"elementor-element elementor-element-366c004 e-flex e-con-boxed e-con e-parent\" data-id=\"366c004\" data-element_type=\"container\" data-e-type=\"container\">\n\t\t\t\t\t<div class=\"e-con-inner\">\n\t\t<div class=\"elementor-element elementor-element-ebb6581 e-grid e-con-boxed e-con e-child\" data-id=\"ebb6581\" data-element_type=\"container\" data-e-type=\"container\">\n\t\t\t\t\t<div class=\"e-con-inner\">\n\t\t\t\t\t<\/div>\n\t\t\t\t<\/div>\n\t\t\t\t\t<\/div>\n\t\t\t\t<\/div>\n\t\t<div class=\"elementor-element elementor-element-c5dda63 e-flex e-con-boxed e-con e-parent\" data-id=\"c5dda63\" data-element_type=\"container\" data-e-type=\"container\">\n\t\t\t\t\t<div class=\"e-con-inner\">\n\t\t\t\t\t<\/div>\n\t\t\t\t<\/div>\n\t\t\t\t<\/div>\n\t\t","protected":false},"excerpt":{"rendered":"<p>Rantalan Lomam\u00f6kit, lupsakkaita m\u00f6kkej\u00e4 j\u00e4rvenrannalla Hartolassa<\/p>\n","protected":false},"author":1,"featured_media":0,"parent":0,"menu_order":0,"comment_status":"closed","ping_status":"closed","template":"","meta":{"_acf_changed":false,"footnotes":""},"class_list":["post-260","page","type-page","status-publish","hentry"],"acf":[],"yoast_head":"<!-- This site is optimized with the Yoast SEO plugin v27.4 - https:\/\/yoast.com\/product\/yoast-seo-wordpress\/ -->\n<title>Home - Rantalan Lomam\u00f6kit<\/title>\n<meta name=\"description\" content=\"Koirayst\u00e4v\u00e4llisi\u00e4 vuokra-m\u00f6kkej\u00e4 Hartolassa vain parin tunnin ajo-matkan p\u00e4\u00e4ss\u00e4 p\u00e4\u00e4kaupunkiseudulta. 9 kpl koirayst\u00e4v\u00e4llisi\u00e4 m\u00f6kkej\u00e4 Iso-Paljo-j\u00e4rven rannalla mahtavissa maisemissa.\" \/>\n<meta name=\"robots\" content=\"index, follow, max-snippet:-1, max-image-preview:large, max-video-preview:-1\" \/>\n<link rel=\"canonical\" href=\"https:\/\/www.rantalanlomamokit.com\/en\/home\/\" \/>\n<meta property=\"og:locale\" content=\"en_US\" \/>\n<meta property=\"og:type\" content=\"article\" \/>\n<meta property=\"og:title\" content=\"Home - Rantalan Lomam\u00f6kit\" \/>\n<meta property=\"og:description\" content=\"Koirayst\u00e4v\u00e4llisi\u00e4 vuokra-m\u00f6kkej\u00e4 Hartolassa vain parin tunnin ajo-matkan p\u00e4\u00e4ss\u00e4 p\u00e4\u00e4kaupunkiseudulta. 9 kpl koirayst\u00e4v\u00e4llisi\u00e4 m\u00f6kkej\u00e4 Iso-Paljo-j\u00e4rven rannalla mahtavissa maisemissa.\" \/>\n<meta property=\"og:url\" content=\"https:\/\/www.rantalanlomamokit.com\/en\/home\/\" \/>\n<meta property=\"og:site_name\" content=\"Rantalan Lomam\u00f6kit\" \/>\n<meta property=\"article:modified_time\" content=\"2025-03-25T14:58:19+00:00\" \/>\n<meta name=\"twitter:card\" content=\"summary_large_image\" \/>\n<script type=\"application\/ld+json\" class=\"yoast-schema-graph\">{\"@context\":\"https:\\\/\\\/schema.org\",\"@graph\":[{\"@type\":\"WebPage\",\"@id\":\"https:\\\/\\\/www.rantalanlomamokit.com\\\/en\\\/home\\\/\",\"url\":\"https:\\\/\\\/www.rantalanlomamokit.com\\\/en\\\/home\\\/\",\"name\":\"Home - Rantalan Lomam\u00f6kit\",\"isPartOf\":{\"@id\":\"https:\\\/\\\/www.rantalanlomamokit.com\\\/#website\"},\"datePublished\":\"2016-09-13T10:07:27+00:00\",\"dateModified\":\"2025-03-25T14:58:19+00:00\",\"description\":\"Koirayst\u00e4v\u00e4llisi\u00e4 vuokra-m\u00f6kkej\u00e4 Hartolassa vain parin tunnin ajo-matkan p\u00e4\u00e4ss\u00e4 p\u00e4\u00e4kaupunkiseudulta. 9 kpl koirayst\u00e4v\u00e4llisi\u00e4 m\u00f6kkej\u00e4 Iso-Paljo-j\u00e4rven rannalla mahtavissa maisemissa.\",\"breadcrumb\":{\"@id\":\"https:\\\/\\\/www.rantalanlomamokit.com\\\/en\\\/home\\\/#breadcrumb\"},\"inLanguage\":\"en-US\",\"potentialAction\":[{\"@type\":\"ReadAction\",\"target\":[\"https:\\\/\\\/www.rantalanlomamokit.com\\\/en\\\/home\\\/\"]}]},{\"@type\":\"BreadcrumbList\",\"@id\":\"https:\\\/\\\/www.rantalanlomamokit.com\\\/en\\\/home\\\/#breadcrumb\",\"itemListElement\":[{\"@type\":\"ListItem\",\"position\":1,\"name\":\"Home\",\"item\":\"https:\\\/\\\/www.rantalanlomamokit.com\\\/en\\\/home\\\/\"},{\"@type\":\"ListItem\",\"position\":2,\"name\":\"Home\"}]},{\"@type\":\"WebSite\",\"@id\":\"https:\\\/\\\/www.rantalanlomamokit.com\\\/#website\",\"url\":\"https:\\\/\\\/www.rantalanlomamokit.com\\\/\",\"name\":\"Rantalan Lomam\u00f6kit\",\"description\":\"Rantalan Lomam\u00f6kit\",\"potentialAction\":[{\"@type\":\"SearchAction\",\"target\":{\"@type\":\"EntryPoint\",\"urlTemplate\":\"https:\\\/\\\/www.rantalanlomamokit.com\\\/?s={search_term_string}\"},\"query-input\":{\"@type\":\"PropertyValueSpecification\",\"valueRequired\":true,\"valueName\":\"search_term_string\"}}],\"inLanguage\":\"en-US\"}]}<\/script>\n<!-- \/ Yoast SEO plugin. -->","yoast_head_json":{"title":"Home - Rantalan Lomam\u00f6kit","description":"Koirayst\u00e4v\u00e4llisi\u00e4 vuokra-m\u00f6kkej\u00e4 Hartolassa vain parin tunnin ajo-matkan p\u00e4\u00e4ss\u00e4 p\u00e4\u00e4kaupunkiseudulta. 9 kpl koirayst\u00e4v\u00e4llisi\u00e4 m\u00f6kkej\u00e4 Iso-Paljo-j\u00e4rven rannalla mahtavissa maisemissa.","robots":{"index":"index","follow":"follow","max-snippet":"max-snippet:-1","max-image-preview":"max-image-preview:large","max-video-preview":"max-video-preview:-1"},"canonical":"https:\/\/www.rantalanlomamokit.com\/en\/home\/","og_locale":"en_US","og_type":"article","og_title":"Home - Rantalan Lomam\u00f6kit","og_description":"Koirayst\u00e4v\u00e4llisi\u00e4 vuokra-m\u00f6kkej\u00e4 Hartolassa vain parin tunnin ajo-matkan p\u00e4\u00e4ss\u00e4 p\u00e4\u00e4kaupunkiseudulta. 9 kpl koirayst\u00e4v\u00e4llisi\u00e4 m\u00f6kkej\u00e4 Iso-Paljo-j\u00e4rven rannalla mahtavissa maisemissa.","og_url":"https:\/\/www.rantalanlomamokit.com\/en\/home\/","og_site_name":"Rantalan Lomam\u00f6kit","article_modified_time":"2025-03-25T14:58:19+00:00","twitter_card":"summary_large_image","schema":{"@context":"https:\/\/schema.org","@graph":[{"@type":"WebPage","@id":"https:\/\/www.rantalanlomamokit.com\/en\/home\/","url":"https:\/\/www.rantalanlomamokit.com\/en\/home\/","name":"Home - Rantalan Lomam\u00f6kit","isPartOf":{"@id":"https:\/\/www.rantalanlomamokit.com\/#website"},"datePublished":"2016-09-13T10:07:27+00:00","dateModified":"2025-03-25T14:58:19+00:00","description":"Koirayst\u00e4v\u00e4llisi\u00e4 vuokra-m\u00f6kkej\u00e4 Hartolassa vain parin tunnin ajo-matkan p\u00e4\u00e4ss\u00e4 p\u00e4\u00e4kaupunkiseudulta. 9 kpl koirayst\u00e4v\u00e4llisi\u00e4 m\u00f6kkej\u00e4 Iso-Paljo-j\u00e4rven rannalla mahtavissa maisemissa.","breadcrumb":{"@id":"https:\/\/www.rantalanlomamokit.com\/en\/home\/#breadcrumb"},"inLanguage":"en-US","potentialAction":[{"@type":"ReadAction","target":["https:\/\/www.rantalanlomamokit.com\/en\/home\/"]}]},{"@type":"BreadcrumbList","@id":"https:\/\/www.rantalanlomamokit.com\/en\/home\/#breadcrumb","itemListElement":[{"@type":"ListItem","position":1,"name":"Home","item":"https:\/\/www.rantalanlomamokit.com\/en\/home\/"},{"@type":"ListItem","position":2,"name":"Home"}]},{"@type":"WebSite","@id":"https:\/\/www.rantalanlomamokit.com\/#website","url":"https:\/\/www.rantalanlomamokit.com\/","name":"Rantalan Lomam\u00f6kit","description":"Rantalan Lomam\u00f6kit","potentialAction":[{"@type":"SearchAction","target":{"@type":"EntryPoint","urlTemplate":"https:\/\/www.rantalanlomamokit.com\/?s={search_term_string}"},"query-input":{"@type":"PropertyValueSpecification","valueRequired":true,"valueName":"search_term_string"}}],"inLanguage":"en-US"}]}},"jetpack_sharing_enabled":true,"_links":{"self":[{"href":"https:\/\/www.rantalanlomamokit.com\/en\/wp-json\/wp\/v2\/pages\/260","targetHints":{"allow":["GET"]}}],"collection":[{"href":"https:\/\/www.rantalanlomamokit.com\/en\/wp-json\/wp\/v2\/pages"}],"about":[{"href":"https:\/\/www.rantalanlomamokit.com\/en\/wp-json\/wp\/v2\/types\/page"}],"author":[{"embeddable":true,"href":"https:\/\/www.rantalanlomamokit.com\/en\/wp-json\/wp\/v2\/users\/1"}],"replies":[{"embeddable":true,"href":"https:\/\/www.rantalanlomamokit.com\/en\/wp-json\/wp\/v2\/comments?post=260"}],"version-history":[{"count":6,"href":"https:\/\/www.rantalanlomamokit.com\/en\/wp-json\/wp\/v2\/pages\/260\/revisions"}],"predecessor-version":[{"id":7850,"href":"https:\/\/www.rantalanlomamokit.com\/en\/wp-json\/wp\/v2\/pages\/260\/revisions\/7850"}],"wp:attachment":[{"href":"https:\/\/www.rantalanlomamokit.com\/en\/wp-json\/wp\/v2\/media?parent=260"}],"curies":[{"name":"wp","href":"https:\/\/api.w.org\/{rel}","templated":true}]}}